{"id":1417,"date":"2022-09-27T17:26:02","date_gmt":"2022-09-27T17:26:02","guid":{"rendered":"https:\/\/pokretmeri.org.rs\/home\/?page_id=1417"},"modified":"2023-09-10T20:50:36","modified_gmt":"2023-09-10T18:50:36","slug":"zakon-o-hitnoj-pomoci","status":"publish","type":"page","link":"https:\/\/pokretmeri.org.rs\/home\/zakon-o-hitnoj-pomoci\/","title":{"rendered":"Za\u0161to tra\u017eimo zakon o Hitnoj pomo\u0107i"},"content":{"rendered":"\n<p><strong>Da li ste znali da je Srbija jedina zemlja u regionu koja nema ni zakon ni podzakonski akt koji ure\u0111uje rad Hitne pomo\u0107i?<\/strong><\/p>\n\n\n\n<p>Posledica toga je da se od grada do grada razlikuje kako \u0107e Hitna pomo\u0107 reagovati na pozive gra\u0111ana. Mo\u017ee se dogoditi da \u0107e za iste simptome koje \u0107e pacijent navesti da ih ima, Hitna pomo\u0107 u jednom gradu iza\u0107i na teren, a u drugom ne.<\/p>\n\n\n\n<p>Kako reaguju lekari na prijemu poziva na isto date simpotme u razli\u010ditim gradovima, mo\u017eete poslu\u0161ati <a href=\"https:\/\/pokretmeri.org.rs\/home\/2023\/04\/21\/situaciono-istrazivanje-trijaze-poziva\/\" target=\"_blank\" rel=\"noopener\" title=\"\">ovde<\/a>.<\/p>\n\n\n\n<p><strong>Posledica je i da na skoro 40 odsto teritorije Srbije nisu organizovane adekvatne slu\u017ebe hitne pomo\u0107i<\/strong> \u0161to zna\u010di da veliki broj gra\u0111ana nema pristup hitnoj zdravstvenoj za\u0161titi odgovaraju\u0107eg kvaliteta.<\/p>\n\n\n\n<figure class=\"wp-block-image aligncenter size-full\"><img fetchpriority=\"high\" decoding=\"async\" width=\"777\" height=\"1016\" src=\"https:\/\/pokretmeri.org.rs\/home\/wp-content\/uploads\/2023\/09\/Mapa-1-1.png\" alt=\"\" class=\"wp-image-1725\" srcset=\"https:\/\/pokretmeri.org.rs\/home\/wp-content\/uploads\/2023\/09\/Mapa-1-1.png 777w, https:\/\/pokretmeri.org.rs\/home\/wp-content\/uploads\/2023\/09\/Mapa-1-1-229x300.png 229w, https:\/\/pokretmeri.org.rs\/home\/wp-content\/uploads\/2023\/09\/Mapa-1-1-768x1004.png 768w\" sizes=\"(max-width: 777px) 100vw, 777px\" \/><\/figure>\n\n\n\n<p>Posledica toga je i \u0161to gotovo svako od nas poznaje nekog ko nije bio zadovoljan reakcijom Hitne pomo\u0107i.<\/p>\n\n\n\n<p>\u0160TA JE NA\u0160E RE\u0160ENJE?<\/p>\n\n\n\n<p><strong>Pokret \u201cPravo na \u017eivot \u2013 Meri\u201d predla\u017ee da Narodna skup\u0161tina usvoji Zakon o hitnoj pomo\u0107i.<\/strong><\/p>\n\n\n\n<p>U saradnji sa lekarima napisali smo Predlog zakona koji smo prosledili Narodnoj skup\u0161tini.<\/p>\n\n\n\n<p>Na\u0161 Predlog zakona o Hitnoj pomo\u0107i mo\u017eete preuzeti <a href=\"https:\/\/pokretmeri.org.rs\/home\/wp-content\/uploads\/2022\/09\/Zakon-o-hitnoj-pomoci-za-sajt.pdf\" target=\"_blank\" rel=\"noopener\" title=\"ovde\">ovde<\/a>.<\/p>\n\n\n\n<p>PODR\u017dI DONO\u0160ENJE ZAKONA O HITNOJ POMO\u0106I<\/p>\n\n\n\n<p><strong>Ovo je ne\u0161to \u0161to se ti\u010de svih gra\u0111ana Srbije<\/strong>, a narodni poslanici su predstavnici svih nas u najvi\u0161em zakonodavnom domu.<\/p>\n\n\n\n<p>Pokret \u201cPravo na \u017eivot \u2013 Meri\u201d<strong> poziva te da slanjem dopisa jednom od narodnih poslanika<\/strong> podr\u017ei\u0161 inicijativu za dono\u0161enje zakona o hitnoj pomo\u0107i.<\/p>\n\n\n\n<p>Sve \u0161to je potrebno jeste da na <a href=\"https:\/\/pokretmeri.org.rs\/home\/wp-content\/uploads\/2022\/09\/Dopis-gradjani-MB-2.docx\" target=\"_blank\" rel=\"noopener\" title=\"\">ovom linku<\/a> skine\u0161 dopis, potpi\u0161e\u0161 ga i po\u0161alje\u0161 jednom od 250 Narodnih poslanika na adresu:<\/p>\n\n\n\n<p>Narodna skup\u0161tina Republike Srbije<\/p>\n\n\n\n<p>11000 Beograd<\/p>\n\n\n\n<p>Spisak Narodnih poslanika (ime i prezime) mo\u017eete prona\u0107i na <a href=\"https:\/\/otvoreniparlament.rs\/poslanik\" target=\"_blank\" rel=\"noopener\">ovom linku<\/a>.<\/p>\n\n\n\n<p><strong>Hitnoj je potreban zakon o hitnoj pomo\u0107i.<\/strong> Izborimo se zajedno da Hitna pomo\u0107 bude jednaka za sve.<\/p>\n\n\n\n<figure class=\"wp-block-embed is-type-video is-provider-youtube wp-block-embed-youtube wp-embed-aspect-16-9 wp-has-aspect-ratio\"><div class=\"wp-block-embed__wrapper\">\n<div class=\"ast-oembed-container \" style=\"height: 100%;\"><iframe title=\"Predstavljen predlog prvog zakona o Hitnoj pomo\u0107i u Srbiji\" width=\"500\" height=\"281\" src=\"https:\/\/www.youtube.com\/embed\/-KFcWrE9RlI?feature=oembed\" frameborder=\"0\" allow=\"accelerometer; autoplay; clipboard-write; encrypted-media; gyroscope; picture-in-picture; web-share\" referrerpolicy=\"strict-origin-when-cross-origin\" allowfullscreen><\/iframe><\/div>\n<\/div><\/figure>\n\n\n\n<p class=\"has-text-align-center\"><strong>DOKUMENTARNI FILM &#8220;\u017dIVOT TRA\u017dI HITNU POMO\u0106&#8221;!<\/strong><\/p>\n\n\n\n<figure class=\"wp-block-embed is-type-video is-provider-youtube wp-block-embed-youtube wp-embed-aspect-16-9 wp-has-aspect-ratio\"><div class=\"wp-block-embed__wrapper\">\n<div class=\"ast-oembed-container \" style=\"height: 100%;\"><iframe title=\"\u017divot tra\u017ei hitnu pomo\u0107\" width=\"500\" height=\"281\" src=\"https:\/\/www.youtube.com\/embed\/JA3zzRK5Mxo?start=3&#038;feature=oembed\" frameborder=\"0\" allow=\"accelerometer; autoplay; clipboard-write; encrypted-media; gyroscope; picture-in-picture; web-share\" referrerpolicy=\"strict-origin-when-cross-origin\" allowfullscreen><\/iframe><\/div>\n<\/div><\/figure>\n\n\n<div class='avc_visit_counter_front' style='border: 2px solid #000000;border-radius:5px;font-size: 14px; width: 100%; max-width:200px; margin: 0 auto;padding:5px;'>Poseta 0  <\/div>","protected":false},"excerpt":{"rendered":"<p>Da li ste znali da je Srbija jedina zemlja u regionu koja nema ni zakon ni podzakonski akt koji ure\u0111uje rad Hitne pomo\u0107i? Posledica toga je da se od grada do grada razlikuje kako \u0107e Hitna pomo\u0107 reagovati na pozive gra\u0111ana. Mo\u017ee se dogoditi da \u0107e za iste simptome koje \u0107e pacijent navesti da ih [&hellip;]<\/p>\n","protected":false},"author":1,"featured_media":0,"parent":0,"menu_order":0,"comment_status":"closed","ping_status":"closed","template":"","meta":{"_eb_attr":"","_monsterinsights_skip_tracking":false,"_monsterinsights_sitenote_active":false,"_monsterinsights_sitenote_note":"","_monsterinsights_sitenote_category":0,"site-sidebar-layout":"default","site-content-layout":"","ast-site-content-layout":"","site-content-style":"default","site-sidebar-style":"default","ast-global-header-display":"","ast-banner-title-visibility":"","ast-main-header-display":"","ast-hfb-above-header-display":"","ast-hfb-below-header-display":"","ast-hfb-mobile-header-display":"","site-post-title":"","ast-breadcrumbs-content":"","ast-featured-img":"","footer-sml-layout":"","theme-transparent-header-meta":"","adv-header-id-meta":"","stick-header-meta":"","header-above-stick-meta":"","header-main-stick-meta":"","header-below-stick-meta":"","astra-migrate-meta-layouts":"default","ast-page-background-enabled":"default","ast-page-background-meta":{"desktop":{"background-color":"var(--ast-global-color-4)","background-image":"","background-repeat":"repeat","background-position":"center center","background-size":"auto","background-attachment":"scroll","background-type":"","background-media":"","overlay-type":"","overlay-color":"","overlay-opacity":"","overlay-gradient":""},"tablet":{"background-color":"","background-image":"","background-repeat":"repeat","background-position":"center center","background-size":"auto","background-attachment":"scroll","background-type":"","background-media":"","overlay-type":"","overlay-color":"","overlay-opacity":"","overlay-gradient":""},"mobile":{"background-color":"","background-image":"","background-repeat":"repeat","background-position":"center center","background-size":"auto","background-attachment":"scroll","background-type":"","background-media":"","overlay-type":"","overlay-color":"","overlay-opacity":"","overlay-gradient":""}},"ast-content-background-meta":{"desktop":{"background-color":"var(--ast-global-color-5)","background-image":"","background-repeat":"repeat","background-position":"center center","background-size":"auto","background-attachment":"scroll","background-type":"","background-media":"","overlay-type":"","overlay-color":"","overlay-opacity":"","overlay-gradient":""},"tablet":{"background-color":"var(--ast-global-color-5)","background-image":"","background-repeat":"repeat","background-position":"center center","background-size":"auto","background-attachment":"scroll","background-type":"","background-media":"","overlay-type":"","overlay-color":"","overlay-opacity":"","overlay-gradient":""},"mobile":{"background-color":"var(--ast-global-color-5)","background-image":"","background-repeat":"repeat","background-position":"center center","background-size":"auto","background-attachment":"scroll","background-type":"","background-media":"","overlay-type":"","overlay-color":"","overlay-opacity":"","overlay-gradient":""}},"footnotes":""},"class_list":["post-1417","page","type-page","status-publish","hentry"],"aioseo_notices":[],"_links":{"self":[{"href":"https:\/\/pokretmeri.org.rs\/home\/wp-json\/wp\/v2\/pages\/1417","targetHints":{"allow":["GET"]}}],"collection":[{"href":"https:\/\/pokretmeri.org.rs\/home\/wp-json\/wp\/v2\/pages"}],"about":[{"href":"https:\/\/pokretmeri.org.rs\/home\/wp-json\/wp\/v2\/types\/page"}],"author":[{"embeddable":true,"href":"https:\/\/pokretmeri.org.rs\/home\/wp-json\/wp\/v2\/users\/1"}],"replies":[{"embeddable":true,"href":"https:\/\/pokretmeri.org.rs\/home\/wp-json\/wp\/v2\/comments?post=1417"}],"version-history":[{"count":19,"href":"https:\/\/pokretmeri.org.rs\/home\/wp-json\/wp\/v2\/pages\/1417\/revisions"}],"predecessor-version":[{"id":1733,"href":"https:\/\/pokretmeri.org.rs\/home\/wp-json\/wp\/v2\/pages\/1417\/revisions\/1733"}],"wp:attachment":[{"href":"https:\/\/pokretmeri.org.rs\/home\/wp-json\/wp\/v2\/media?parent=1417"}],"curies":[{"name":"wp","href":"https:\/\/api.w.org\/{rel}","templated":true}]}}