{"id":206,"date":"2022-01-01T17:31:51","date_gmt":"2022-01-01T17:31:51","guid":{"rendered":"https:\/\/pokretmeri.org.rs\/home\/?page_id=206"},"modified":"2022-01-01T21:57:27","modified_gmt":"2022-01-01T21:57:27","slug":"projekti","status":"publish","type":"page","link":"https:\/\/pokretmeri.org.rs\/home\/projekti\/","title":{"rendered":"Projekti"},"content":{"rendered":"\t\t<div data-elementor-type=\"wp-page\" data-elementor-id=\"206\" class=\"elementor elementor-206\" data-elementor-post-type=\"page\">\n\t\t\t\t\t\t<section class=\"elementor-section elementor-top-section elementor-element elementor-element-9f8253c elementor-section-boxed elementor-section-height-default elementor-section-height-default\" data-id=\"9f8253c\" data-element_type=\"section\" data-settings=\"{&quot;background_background&quot;:&quot;classic&quot;}\">\n\t\t\t\t\t\t\t<div class=\"elementor-background-overlay\"><\/div>\n\t\t\t\t\t\t\t<div class=\"elementor-container elementor-column-gap-default\">\n\t\t\t\t\t<div class=\"elementor-column elementor-col-100 elementor-top-column elementor-element elementor-element-9e7ce0a\" data-id=\"9e7ce0a\" data-element_type=\"column\">\n\t\t\t<div class=\"elementor-widget-wrap elementor-element-populated\">\n\t\t\t\t\t\t<div class=\"elementor-element elementor-element-ba8bc77 elementor-widget__width-initial elementor-widget elementor-widget-heading\" data-id=\"ba8bc77\" data-element_type=\"widget\" data-widget_type=\"heading.default\">\n\t\t\t\t<div class=\"elementor-widget-container\">\n\t\t\t\t\t<h2 class=\"elementor-heading-title elementor-size-default\">PRAVO NA \u017dIVOT - POKRET MERI<\/h2>\t\t\t\t<\/div>\n\t\t\t\t<\/div>\n\t\t\t\t<div class=\"elementor-element elementor-element-28fb241 elementor-widget elementor-widget-heading\" data-id=\"28fb241\" data-element_type=\"widget\" data-widget_type=\"heading.default\">\n\t\t\t\t<div class=\"elementor-widget-container\">\n\t\t\t\t\t<h1 class=\"elementor-heading-title elementor-size-default\">Projekti<\/h1>\t\t\t\t<\/div>\n\t\t\t\t<\/div>\n\t\t\t\t\t<\/div>\n\t\t<\/div>\n\t\t\t\t\t<\/div>\n\t\t<\/section>\n\t\t\t\t<section class=\"elementor-section elementor-top-section elementor-element elementor-element-002b413 elementor-section-boxed elementor-section-height-default elementor-section-height-default\" data-id=\"002b413\" data-element_type=\"section\" data-settings=\"{&quot;background_background&quot;:&quot;classic&quot;,&quot;sticky&quot;:&quot;top&quot;,&quot;sticky_on&quot;:[&quot;desktop&quot;,&quot;tablet&quot;,&quot;mobile&quot;],&quot;sticky_offset&quot;:0,&quot;sticky_effects_offset&quot;:0}\">\n\t\t\t\t\t\t<div class=\"elementor-container elementor-column-gap-default\">\n\t\t\t\t\t<div class=\"elementor-column elementor-col-100 elementor-top-column elementor-element elementor-element-9af6748\" data-id=\"9af6748\" data-element_type=\"column\">\n\t\t\t<div class=\"elementor-widget-wrap elementor-element-populated\">\n\t\t\t\t\t\t<div class=\"elementor-element elementor-element-c05db8b elementor-nav-menu__align-center elementor-nav-menu--dropdown-tablet elementor-nav-menu__text-align-aside elementor-nav-menu--toggle elementor-nav-menu--burger elementor-widget elementor-widget-nav-menu\" data-id=\"c05db8b\" data-element_type=\"widget\" data-settings=\"{&quot;layout&quot;:&quot;horizontal&quot;,&quot;submenu_icon&quot;:{&quot;value&quot;:&quot;&lt;i class=\\&quot;fas fa-caret-down\\&quot;&gt;&lt;\\\/i&gt;&quot;,&quot;library&quot;:&quot;fa-solid&quot;},&quot;toggle&quot;:&quot;burger&quot;}\" data-widget_type=\"nav-menu.default\">\n\t\t\t\t<div class=\"elementor-widget-container\">\n\t\t\t\t\t\t\t\t<nav class=\"elementor-nav-menu--main elementor-nav-menu__container elementor-nav-menu--layout-horizontal e--pointer-none\">\n\t\t\t\t<ul id=\"menu-1-c05db8b\" class=\"elementor-nav-menu\"><li class=\"menu-item menu-item-type-post_type menu-item-object-page menu-item-home menu-item-26\"><a href=\"https:\/\/pokretmeri.org.rs\/home\/\" class=\"elementor-item menu-link\">Pokret Meri<\/a><\/li>\n<li class=\"menu-item menu-item-type-post_type menu-item-object-page menu-item-245\"><a href=\"https:\/\/pokretmeri.org.rs\/home\/o-nama\/\" class=\"elementor-item menu-link\">O nama<\/a><\/li>\n<li class=\"menu-item menu-item-type-post_type menu-item-object-page menu-item-670\"><a href=\"https:\/\/pokretmeri.org.rs\/home\/aktuelnosti\/\" class=\"elementor-item menu-link\">Aktivnosti<\/a><\/li>\n<li class=\"menu-item menu-item-type-post_type menu-item-object-page menu-item-593\"><a href=\"https:\/\/pokretmeri.org.rs\/home\/blog\/\" class=\"elementor-item menu-link\">Blog<\/a><\/li>\n<li class=\"menu-item menu-item-type-post_type menu-item-object-page menu-item-2759\"><a href=\"https:\/\/pokretmeri.org.rs\/home\/glasovipravde\/\" class=\"elementor-item menu-link\">Glasovi pravde<\/a><\/li>\n<li class=\"menu-item menu-item-type-post_type menu-item-object-page menu-item-1427\"><a href=\"https:\/\/pokretmeri.org.rs\/home\/zakon-o-hitnoj-pomoci\/\" class=\"elementor-item menu-link\">Za\u0161to tra\u017eimo zakon o Hitnoj pomo\u0107i<\/a><\/li>\n<li class=\"menu-item menu-item-type-post_type menu-item-object-page menu-item-423\"><a href=\"https:\/\/pokretmeri.org.rs\/home\/zakonska-regulativa\/\" class=\"elementor-item menu-link\">Zakonska regulativa<\/a><\/li>\n<li class=\"menu-item menu-item-type-post_type menu-item-object-page menu-item-422\"><a href=\"https:\/\/pokretmeri.org.rs\/home\/postani-clan\/\" class=\"elementor-item menu-link\">Postani \u010dlan<\/a><\/li>\n<li class=\"menu-item menu-item-type-post_type menu-item-object-page menu-item-2685\"><a href=\"https:\/\/pokretmeri.org.rs\/home\/english\/\" class=\"elementor-item menu-link\">English<\/a><\/li>\n<li class=\"menu-item menu-item-type-post_type menu-item-object-page menu-item-421\"><a href=\"https:\/\/pokretmeri.org.rs\/home\/kontakt\/\" class=\"elementor-item menu-link\">Kontakt<\/a><\/li>\n<\/ul>\t\t\t<\/nav>\n\t\t\t\t\t<div class=\"elementor-menu-toggle\" role=\"button\" tabindex=\"0\" aria-label=\"Menu Toggle\" aria-expanded=\"false\">\n\t\t\t<i aria-hidden=\"true\" role=\"presentation\" class=\"elementor-menu-toggle__icon--open eicon-menu-bar\"><\/i><i aria-hidden=\"true\" role=\"presentation\" class=\"elementor-menu-toggle__icon--close eicon-close\"><\/i>\t\t\t<span class=\"elementor-screen-only\">Menu<\/span>\n\t\t<\/div>\n\t\t\t\t\t<nav class=\"elementor-nav-menu--dropdown elementor-nav-menu__container\" aria-hidden=\"true\">\n\t\t\t\t<ul id=\"menu-2-c05db8b\" class=\"elementor-nav-menu\"><li class=\"menu-item menu-item-type-post_type menu-item-object-page menu-item-home menu-item-26\"><a href=\"https:\/\/pokretmeri.org.rs\/home\/\" class=\"elementor-item menu-link\" tabindex=\"-1\">Pokret Meri<\/a><\/li>\n<li class=\"menu-item menu-item-type-post_type menu-item-object-page menu-item-245\"><a href=\"https:\/\/pokretmeri.org.rs\/home\/o-nama\/\" class=\"elementor-item menu-link\" tabindex=\"-1\">O nama<\/a><\/li>\n<li class=\"menu-item menu-item-type-post_type menu-item-object-page menu-item-670\"><a href=\"https:\/\/pokretmeri.org.rs\/home\/aktuelnosti\/\" class=\"elementor-item menu-link\" tabindex=\"-1\">Aktivnosti<\/a><\/li>\n<li class=\"menu-item menu-item-type-post_type menu-item-object-page menu-item-593\"><a href=\"https:\/\/pokretmeri.org.rs\/home\/blog\/\" class=\"elementor-item menu-link\" tabindex=\"-1\">Blog<\/a><\/li>\n<li class=\"menu-item menu-item-type-post_type menu-item-object-page menu-item-2759\"><a href=\"https:\/\/pokretmeri.org.rs\/home\/glasovipravde\/\" class=\"elementor-item menu-link\" tabindex=\"-1\">Glasovi pravde<\/a><\/li>\n<li class=\"menu-item menu-item-type-post_type menu-item-object-page menu-item-1427\"><a href=\"https:\/\/pokretmeri.org.rs\/home\/zakon-o-hitnoj-pomoci\/\" class=\"elementor-item menu-link\" tabindex=\"-1\">Za\u0161to tra\u017eimo zakon o Hitnoj pomo\u0107i<\/a><\/li>\n<li class=\"menu-item menu-item-type-post_type menu-item-object-page menu-item-423\"><a href=\"https:\/\/pokretmeri.org.rs\/home\/zakonska-regulativa\/\" class=\"elementor-item menu-link\" tabindex=\"-1\">Zakonska regulativa<\/a><\/li>\n<li class=\"menu-item menu-item-type-post_type menu-item-object-page menu-item-422\"><a href=\"https:\/\/pokretmeri.org.rs\/home\/postani-clan\/\" class=\"elementor-item menu-link\" tabindex=\"-1\">Postani \u010dlan<\/a><\/li>\n<li class=\"menu-item menu-item-type-post_type menu-item-object-page menu-item-2685\"><a href=\"https:\/\/pokretmeri.org.rs\/home\/english\/\" class=\"elementor-item menu-link\" tabindex=\"-1\">English<\/a><\/li>\n<li class=\"menu-item menu-item-type-post_type menu-item-object-page menu-item-421\"><a href=\"https:\/\/pokretmeri.org.rs\/home\/kontakt\/\" class=\"elementor-item menu-link\" tabindex=\"-1\">Kontakt<\/a><\/li>\n<\/ul>\t\t\t<\/nav>\n\t\t\t\t\t\t<\/div>\n\t\t\t\t<\/div>\n\t\t\t\t\t<\/div>\n\t\t<\/div>\n\t\t\t\t\t<\/div>\n\t\t<\/section>\n\t\t\t\t<section class=\"elementor-section elementor-top-section elementor-element elementor-element-bc42091 elementor-section-boxed elementor-section-height-default elementor-section-height-default\" data-id=\"bc42091\" data-element_type=\"section\" data-settings=\"{&quot;background_background&quot;:&quot;classic&quot;}\">\n\t\t\t\t\t\t<div class=\"elementor-container elementor-column-gap-default\">\n\t\t\t\t\t<div class=\"elementor-column elementor-col-50 elementor-top-column elementor-element elementor-element-0f1ddfe elementor-invisible\" data-id=\"0f1ddfe\" data-element_type=\"column\" data-settings=\"{&quot;animation&quot;:&quot;fadeIn&quot;}\">\n\t\t\t<div class=\"elementor-widget-wrap elementor-element-populated\">\n\t\t\t\t\t\t<section class=\"elementor-section elementor-inner-section elementor-element elementor-element-74d9938 elementor-section-boxed elementor-section-height-default elementor-section-height-default elementor-invisible\" data-id=\"74d9938\" data-element_type=\"section\" data-settings=\"{&quot;animation&quot;:&quot;fadeIn&quot;}\">\n\t\t\t\t\t\t<div class=\"elementor-container elementor-column-gap-default\">\n\t\t\t\t\t<div class=\"elementor-column elementor-col-100 elementor-inner-column elementor-element elementor-element-05d0c8f\" data-id=\"05d0c8f\" data-element_type=\"column\">\n\t\t\t<div class=\"elementor-widget-wrap elementor-element-populated\">\n\t\t\t\t\t\t<div class=\"elementor-element elementor-element-03eca2e elementor-widget__width-initial elementor-widget-divider--view-line elementor-widget elementor-widget-divider\" data-id=\"03eca2e\" data-element_type=\"widget\" data-widget_type=\"divider.default\">\n\t\t\t\t<div class=\"elementor-widget-container\">\n\t\t\t\t\t\t\t<div class=\"elementor-divider\">\n\t\t\t<span class=\"elementor-divider-separator\">\n\t\t\t\t\t\t<\/span>\n\t\t<\/div>\n\t\t\t\t\t\t<\/div>\n\t\t\t\t<\/div>\n\t\t\t\t<div class=\"elementor-element elementor-element-75f984e elementor-widget__width-initial elementor-widget elementor-widget-heading\" data-id=\"75f984e\" data-element_type=\"widget\" data-widget_type=\"heading.default\">\n\t\t\t\t<div class=\"elementor-widget-container\">\n\t\t\t\t\t<h2 class=\"elementor-heading-title elementor-size-default\">1.4 - 31.10.2021.<\/h2>\t\t\t\t<\/div>\n\t\t\t\t<\/div>\n\t\t\t\t<div class=\"elementor-element elementor-element-7d65441 elementor-widget elementor-widget-heading\" data-id=\"7d65441\" data-element_type=\"widget\" data-widget_type=\"heading.default\">\n\t\t\t\t<div class=\"elementor-widget-container\">\n\t\t\t\t\t<h2 class=\"elementor-heading-title elementor-size-default\">DA NE BUDE KASNO<\/h2>\t\t\t\t<\/div>\n\t\t\t\t<\/div>\n\t\t\t\t\t<\/div>\n\t\t<\/div>\n\t\t\t\t\t<\/div>\n\t\t<\/section>\n\t\t\t\t<div class=\"elementor-element elementor-element-e80ddfe elementor-widget elementor-widget-text-editor\" data-id=\"e80ddfe\" data-element_type=\"widget\" data-widget_type=\"text-editor.default\">\n\t\t\t\t<div class=\"elementor-widget-container\">\n\t\t\t\t\t\t\t\t\t<p>Projekat &#8220;Da ne bude kasno&#8221; ima za cilj unapre\u0111enje postoje\u0107ih re\u0161enja i regulativa vezanih za sistem hitne medicinske pomo\u0107i. Direktnom komunikacijom sa gra\u0111anima, lekarima, udru\u017eenjima, sindikatima medicinskih radnika je uo\u010den prostor za unapre\u0111enje funkcionisanja hitne pomo\u0107i koji bi umnogome unapredio obavljanje delatnosti svih radnika u ovom zdravstvenom sistemu i pobolj\u0161ao polo\u017eaj gra\u0111ana i gra\u0111anki. Ovom inicijativom, Pokret Pravo na \u017eivot \u2013 Meri nastoji da analizira i dokumentuje potrebe i izazove u oblasti pru\u017eanja hitne medicinske pomo\u0107i i izradom analize rada za prethodnu godinu uka\u017ee na neophodna pobolj\u0161anja. Uklju\u010divanjem u ovu inicijativu gra\u0111ani \u0107e se podsta\u0107i da se bore za svoja prava, tra\u017ee odgovornost kad su im ta prava uskra\u0107ena, a kako bi medicinski sektor postao odgovorniji. Projekat se realizuje od 1. aprila do 31. oktobra 2021.godine. Pokret \u201cPravo na \u017eivot-Meri\u201d je nevladino i neprofitno udru\u017eenje, osnovano radi ostvarivanja ciljeva u oblasti pobolj\u0161anja kvaliteta \u017eivota gra\u0111ana i pru\u017eanja pomo\u0107i oko ostvarivanja njihovih prava, a posebno u domenu zdravstvene za\u0161tite. Pokret se bavi i savetovanjem pacijenata koji sumnjaju da su im odre\u0111ena prava uskra\u0107ena, daje savete, upoznaje ih sa zakonskim regulativama, kodeksima i odre\u0111enim uredbama. Zdravstvena za\u0161tita i blagovremena medicinska pomo\u0107 je osnovno ljudsko prava koje treba da u\u017eivaju svi gra\u0111ani Srbije, za \u0161ta se pokret i zala\u017ee. Ovaj projekat realizuje se u okviru programa \u201eAktivni gra\u0111ani \u2013 bolje dru\u0161tvo: zagovaranjem ka saradnji i demokratskom razvoju Srbije\u201c, koji realizuje BO\u0160 uz podr\u0161ku ameri\u010dkog naroda putem Ameri\u010dke agencije za me\u0111unarodni razvoj (USAID).<\/p>\t\t\t\t\t\t\t\t<\/div>\n\t\t\t\t<\/div>\n\t\t\t\t\t<\/div>\n\t\t<\/div>\n\t\t\t\t<div class=\"elementor-column elementor-col-50 elementor-top-column elementor-element elementor-element-a0cf91f\" data-id=\"a0cf91f\" data-element_type=\"column\">\n\t\t\t<div class=\"elementor-widget-wrap elementor-element-populated\">\n\t\t\t\t\t\t<div class=\"elementor-element elementor-element-4a515d7 elementor--h-position-center elementor--v-position-middle elementor-arrows-position-inside elementor-pagination-position-inside elementor-widget elementor-widget-slides\" data-id=\"4a515d7\" data-element_type=\"widget\" data-settings=\"{&quot;navigation&quot;:&quot;both&quot;,&quot;autoplay&quot;:&quot;yes&quot;,&quot;pause_on_hover&quot;:&quot;yes&quot;,&quot;pause_on_interaction&quot;:&quot;yes&quot;,&quot;autoplay_speed&quot;:5000,&quot;infinite&quot;:&quot;yes&quot;,&quot;transition&quot;:&quot;slide&quot;,&quot;transition_speed&quot;:500}\" data-widget_type=\"slides.default\">\n\t\t\t\t<div class=\"elementor-widget-container\">\n\t\t\t\t\t\t\t<div class=\"elementor-swiper\">\n\t\t\t<div class=\"elementor-slides-wrapper elementor-main-swiper swiper\" dir=\"ltr\" data-animation=\"fadeInUp\">\n\t\t\t\t<div class=\"swiper-wrapper elementor-slides\">\n\t\t\t\t\t\t\t\t\t\t<div class=\"elementor-repeater-item-67be5c8 swiper-slide\"><div class=\"swiper-slide-bg\" role=\"img\"><\/div><a class=\"swiper-slide-inner\" href=\"https:\/\/pokretmeri.org.rs\/home\/projekti\/konferencija-za-stampu\/\"><div class=\"swiper-slide-contents\"><div class=\"elementor-slide-heading\">Konferencija za \u0161tampu<\/div><div class=\"elementor-slide-description\">Hitna pomo\u0107 ne sme biti slu\u017eba u kojoj gra\u0111ani umiru, kako su nam jednom prilikom saop\u0161tili iz zavoda. \u017delimo da hitna pomo\u0107 bude slu\u017eba u kojoj se gra\u0111anima spasavaju \u017eivoti!<\/div><div  class=\"elementor-button elementor-slide-button elementor-size-sm\">saznaj vi\u0161e<\/div><\/div><\/a><\/div><div class=\"elementor-repeater-item-0d222bd swiper-slide\"><div class=\"swiper-slide-bg\" role=\"img\"><\/div><div class=\"elementor-background-overlay\"><\/div><a class=\"swiper-slide-inner\" href=\"https:\/\/pokretmeri.org.rs\/home\/projekti\/okrugli-sto\/\"><div class=\"swiper-slide-contents\"><div class=\"elementor-slide-heading\">Okrugli sto<\/div><div class=\"elementor-slide-description\">Organizacija \"Pravo na \u017eivot - Meri\" odr\u017eala je okrugli sto sa temom \"Analiza sistema slu\u017ebi hitne pomo\u0107i i definisanje problema\".<\/div><div  class=\"elementor-button elementor-slide-button elementor-size-sm\">saznaj vi\u0161e<\/div><\/div><\/a><\/div><div class=\"elementor-repeater-item-3bc67a9 swiper-slide\"><div class=\"swiper-slide-bg\" role=\"img\"><\/div><div class=\"elementor-background-overlay\"><\/div><a class=\"swiper-slide-inner\" href=\"https:\/\/pokretmeri.org.rs\/home\/projekti\/javni-skup-imate-li-minut\/\"><div class=\"swiper-slide-contents\"><div class=\"elementor-slide-heading\">JAVNI SKUP - IMATE LI MINUT?<\/div><div class=\"elementor-slide-description\">Pokret Pravo na \u017eivot - Meri organizovao je prikupljanje potpisa gra\u0111ana u subotu 11. septembra.<\/div><div  class=\"elementor-button elementor-slide-button elementor-size-sm\">saznaj vi\u0161e<\/div><\/div><\/a><\/div><div class=\"elementor-repeater-item-157a8c7 swiper-slide\"><div class=\"swiper-slide-bg\" role=\"img\"><\/div><div class=\"elementor-background-overlay\"><\/div><a class=\"swiper-slide-inner\" href=\"https:\/\/pokretmeri.org.rs\/home\/projekti\/peticijom-do-zakona\/\"><div class=\"swiper-slide-contents\"><div class=\"elementor-slide-heading\">Peticijom do zakona<\/div><div class=\"elementor-slide-description\">Dana 18. 09. 2021. godine u Ni\u0161u, a potom 25. 09. 2021. godine u Novom Sadu, aktivisti pokreta su prikupljali potpise za peticiju u vezi dono\u0161enja Zakona o hitnoj pomo\u0107i.<\/div><div  class=\"elementor-button elementor-slide-button elementor-size-sm\">saznaj vi\u0161e<\/div><\/div><\/a><\/div>\t\t\t\t<\/div>\n\t\t\t\t\t\t\t\t\t\t\t\t\t\t\t<div class=\"swiper-pagination\"><\/div>\n\t\t\t\t\t\t\t\t\t\t\t\t\t\t\t\t<div class=\"elementor-swiper-button elementor-swiper-button-prev\" role=\"button\" tabindex=\"0\">\n\t\t\t\t\t\t\t<i aria-hidden=\"true\" class=\"eicon-chevron-left\"><\/i>\t\t\t\t\t\t\t<span class=\"elementor-screen-only\">Previous slide<\/span>\n\t\t\t\t\t\t<\/div>\n\t\t\t\t\t\t<div class=\"elementor-swiper-button elementor-swiper-button-next\" role=\"button\" tabindex=\"0\">\n\t\t\t\t\t\t\t<i aria-hidden=\"true\" class=\"eicon-chevron-right\"><\/i>\t\t\t\t\t\t\t<span class=\"elementor-screen-only\">Next slide<\/span>\n\t\t\t\t\t\t<\/div>\n\t\t\t\t\t\t\t\t\t\t\t\t<\/div>\n\t\t<\/div>\n\t\t\t\t\t\t<\/div>\n\t\t\t\t<\/div>\n\t\t\t\t\t<\/div>\n\t\t<\/div>\n\t\t\t\t\t<\/div>\n\t\t<\/section>\n\t\t\t\t<section class=\"elementor-section elementor-top-section elementor-element elementor-element-735dad2 elementor-section-boxed elementor-section-height-default elementor-section-height-default\" data-id=\"735dad2\" data-element_type=\"section\">\n\t\t\t\t\t\t<div class=\"elementor-container elementor-column-gap-default\">\n\t\t\t\t\t<div class=\"elementor-column elementor-col-100 elementor-top-column elementor-element elementor-element-696be1c\" data-id=\"696be1c\" data-element_type=\"column\">\n\t\t\t<div class=\"elementor-widget-wrap elementor-element-populated\">\n\t\t\t\t\t\t<div class=\"elementor-element elementor-element-fc35c3a elementor-cta--skin-classic elementor-animated-content elementor-widget elementor-widget-call-to-action\" data-id=\"fc35c3a\" data-element_type=\"widget\" data-widget_type=\"call-to-action.default\">\n\t\t\t\t<div class=\"elementor-widget-container\">\n\t\t\t\t\t\t\t<a class=\"elementor-cta\" href=\"https:\/\/javnozagovaranje.bos.rs\/\">\n\t\t\t\t\t<div class=\"elementor-cta__bg-wrapper\">\n\t\t\t\t<div class=\"elementor-cta__bg elementor-bg\" style=\"background-image: url(https:\/\/pokretmeri.org.rs\/home\/wp-content\/uploads\/2022\/01\/Javno-zagovaranje.png);\" role=\"img\" aria-label=\"Javno-zagovaranje\"><\/div>\n\t\t\t\t<div class=\"elementor-cta__bg-overlay\"><\/div>\n\t\t\t<\/div>\n\t\t\t\t\t\t\t\t<\/a>\n\t\t\t\t\t\t<\/div>\n\t\t\t\t<\/div>\n\t\t\t\t\t<\/div>\n\t\t<\/div>\n\t\t\t\t\t<\/div>\n\t\t<\/section>\n\t\t\t\t<\/div>\n\t\t","protected":false},"excerpt":{"rendered":"<p>PRAVO NA \u017dIVOT &#8211; POKRET MERI Projekti 1.4 &#8211; 31.10.2021. DA NE BUDE KASNO Projekat &#8220;Da ne bude kasno&#8221; ima za cilj unapre\u0111enje postoje\u0107ih re\u0161enja i regulativa vezanih za sistem hitne medicinske pomo\u0107i. Direktnom komunikacijom sa gra\u0111anima, lekarima, udru\u017eenjima, sindikatima medicinskih radnika je uo\u010den prostor za unapre\u0111enje funkcionisanja hitne pomo\u0107i koji bi umnogome unapredio obavljanje [&hellip;]<\/p>\n","protected":false},"author":1,"featured_media":0,"parent":0,"menu_order":0,"comment_status":"closed","ping_status":"closed","template":"","meta":{"_eb_attr":"","_monsterinsights_skip_tracking":false,"_monsterinsights_sitenote_active":false,"_monsterinsights_sitenote_note":"","_monsterinsights_sitenote_category":0,"site-sidebar-layout":"default","site-content-layout":"","ast-site-content-layout":"","site-content-style":"default","site-sidebar-style":"default","ast-global-header-display":"","ast-banner-title-visibility":"","ast-main-header-display":"","ast-hfb-above-header-display":"","ast-hfb-below-header-display":"","ast-hfb-mobile-header-display":"","site-post-title":"","ast-breadcrumbs-content":"","ast-featured-img":"","footer-sml-layout":"","theme-transparent-header-meta":"","adv-header-id-meta":"","stick-header-meta":"","header-above-stick-meta":"","header-main-stick-meta":"","header-below-stick-meta":"","astra-migrate-meta-layouts":"default","ast-page-background-enabled":"default","ast-page-background-meta":{"desktop":{"background-color":"var(--ast-global-color-4)","background-image":"","background-repeat":"repeat","background-position":"center center","background-size":"auto","background-attachment":"scroll","background-type":"","background-media":"","overlay-type":"","overlay-color":"","overlay-opacity":"","overlay-gradient":""},"tablet":{"background-color":"","background-image":"","background-repeat":"repeat","background-position":"center center","background-size":"auto","background-attachment":"scroll","background-type":"","background-media":"","overlay-type":"","overlay-color":"","overlay-opacity":"","overlay-gradient":""},"mobile":{"background-color":"","background-image":"","background-repeat":"repeat","background-position":"center center","background-size":"auto","background-attachment":"scroll","background-type":"","background-media":"","overlay-type":"","overlay-color":"","overlay-opacity":"","overlay-gradient":""}},"ast-content-background-meta":{"desktop":{"background-color":"var(--ast-global-color-5)","background-image":"","background-repeat":"repeat","background-position":"center center","background-size":"auto","background-attachment":"scroll","background-type":"","background-media":"","overlay-type":"","overlay-color":"","overlay-opacity":"","overlay-gradient":""},"tablet":{"background-color":"var(--ast-global-color-5)","background-image":"","background-repeat":"repeat","background-position":"center center","background-size":"auto","background-attachment":"scroll","background-type":"","background-media":"","overlay-type":"","overlay-color":"","overlay-opacity":"","overlay-gradient":""},"mobile":{"background-color":"var(--ast-global-color-5)","background-image":"","background-repeat":"repeat","background-position":"center center","background-size":"auto","background-attachment":"scroll","background-type":"","background-media":"","overlay-type":"","overlay-color":"","overlay-opacity":"","overlay-gradient":""}},"footnotes":""},"class_list":["post-206","page","type-page","status-publish","hentry"],"aioseo_notices":[],"_links":{"self":[{"href":"https:\/\/pokretmeri.org.rs\/home\/wp-json\/wp\/v2\/pages\/206","targetHints":{"allow":["GET"]}}],"collection":[{"href":"https:\/\/pokretmeri.org.rs\/home\/wp-json\/wp\/v2\/pages"}],"about":[{"href":"https:\/\/pokretmeri.org.rs\/home\/wp-json\/wp\/v2\/types\/page"}],"author":[{"embeddable":true,"href":"https:\/\/pokretmeri.org.rs\/home\/wp-json\/wp\/v2\/users\/1"}],"replies":[{"embeddable":true,"href":"https:\/\/pokretmeri.org.rs\/home\/wp-json\/wp\/v2\/comments?post=206"}],"version-history":[{"count":34,"href":"https:\/\/pokretmeri.org.rs\/home\/wp-json\/wp\/v2\/pages\/206\/revisions"}],"predecessor-version":[{"id":435,"href":"https:\/\/pokretmeri.org.rs\/home\/wp-json\/wp\/v2\/pages\/206\/revisions\/435"}],"wp:attachment":[{"href":"https:\/\/pokretmeri.org.rs\/home\/wp-json\/wp\/v2\/media?parent=206"}],"curies":[{"name":"wp","href":"https:\/\/api.w.org\/{rel}","templated":true}]}}