{"id":236,"date":"2022-01-01T18:03:28","date_gmt":"2022-01-01T18:03:28","guid":{"rendered":"https:\/\/pokretmeri.org.rs\/home\/?page_id=236"},"modified":"2022-01-01T20:21:03","modified_gmt":"2022-01-01T20:21:03","slug":"konferencija-za-stampu","status":"publish","type":"page","link":"https:\/\/pokretmeri.org.rs\/home\/projekti\/konferencija-za-stampu\/","title":{"rendered":"Konferencija za \u0161tampu"},"content":{"rendered":"\t\t<div data-elementor-type=\"wp-page\" data-elementor-id=\"236\" class=\"elementor elementor-236\" data-elementor-post-type=\"page\">\n\t\t\t\t\t\t<section class=\"elementor-section elementor-top-section elementor-element elementor-element-4bfdf93 elementor-section-boxed elementor-section-height-default elementor-section-height-default\" data-id=\"4bfdf93\" data-element_type=\"section\" data-settings=\"{&quot;background_background&quot;:&quot;classic&quot;,&quot;sticky&quot;:&quot;top&quot;,&quot;sticky_on&quot;:[&quot;desktop&quot;,&quot;tablet&quot;,&quot;mobile&quot;],&quot;sticky_offset&quot;:0,&quot;sticky_effects_offset&quot;:0}\">\n\t\t\t\t\t\t<div class=\"elementor-container elementor-column-gap-default\">\n\t\t\t\t\t<div class=\"elementor-column elementor-col-100 elementor-top-column elementor-element elementor-element-11c7b17\" data-id=\"11c7b17\" data-element_type=\"column\">\n\t\t\t<div class=\"elementor-widget-wrap elementor-element-populated\">\n\t\t\t\t\t\t<div class=\"elementor-element elementor-element-8acba9a elementor-nav-menu__align-center elementor-nav-menu--dropdown-tablet elementor-nav-menu__text-align-aside elementor-nav-menu--toggle elementor-nav-menu--burger elementor-widget elementor-widget-nav-menu\" data-id=\"8acba9a\" data-element_type=\"widget\" data-settings=\"{&quot;layout&quot;:&quot;horizontal&quot;,&quot;submenu_icon&quot;:{&quot;value&quot;:&quot;&lt;i class=\\&quot;fas fa-caret-down\\&quot;&gt;&lt;\\\/i&gt;&quot;,&quot;library&quot;:&quot;fa-solid&quot;},&quot;toggle&quot;:&quot;burger&quot;}\" data-widget_type=\"nav-menu.default\">\n\t\t\t\t<div class=\"elementor-widget-container\">\n\t\t\t\t\t\t\t\t<nav class=\"elementor-nav-menu--main elementor-nav-menu__container elementor-nav-menu--layout-horizontal e--pointer-none\">\n\t\t\t\t<ul id=\"menu-1-8acba9a\" class=\"elementor-nav-menu\"><li class=\"menu-item menu-item-type-post_type menu-item-object-page menu-item-home menu-item-26\"><a href=\"https:\/\/pokretmeri.org.rs\/home\/\" class=\"elementor-item menu-link\">Pokret Meri<\/a><\/li>\n<li class=\"menu-item menu-item-type-post_type menu-item-object-page menu-item-245\"><a href=\"https:\/\/pokretmeri.org.rs\/home\/o-nama\/\" class=\"elementor-item menu-link\">O nama<\/a><\/li>\n<li class=\"menu-item menu-item-type-post_type menu-item-object-page menu-item-670\"><a href=\"https:\/\/pokretmeri.org.rs\/home\/aktuelnosti\/\" class=\"elementor-item menu-link\">Aktivnosti<\/a><\/li>\n<li class=\"menu-item menu-item-type-post_type menu-item-object-page menu-item-593\"><a href=\"https:\/\/pokretmeri.org.rs\/home\/blog\/\" class=\"elementor-item menu-link\">Blog<\/a><\/li>\n<li class=\"menu-item menu-item-type-post_type menu-item-object-page menu-item-2759\"><a href=\"https:\/\/pokretmeri.org.rs\/home\/glasovipravde\/\" class=\"elementor-item menu-link\">Glasovi pravde<\/a><\/li>\n<li class=\"menu-item menu-item-type-post_type menu-item-object-page menu-item-1427\"><a href=\"https:\/\/pokretmeri.org.rs\/home\/zakon-o-hitnoj-pomoci\/\" class=\"elementor-item menu-link\">Za\u0161to tra\u017eimo zakon o Hitnoj pomo\u0107i<\/a><\/li>\n<li class=\"menu-item menu-item-type-post_type menu-item-object-page menu-item-423\"><a href=\"https:\/\/pokretmeri.org.rs\/home\/zakonska-regulativa\/\" class=\"elementor-item menu-link\">Zakonska regulativa<\/a><\/li>\n<li class=\"menu-item menu-item-type-post_type menu-item-object-page menu-item-422\"><a href=\"https:\/\/pokretmeri.org.rs\/home\/postani-clan\/\" class=\"elementor-item menu-link\">Postani \u010dlan<\/a><\/li>\n<li class=\"menu-item menu-item-type-post_type menu-item-object-page menu-item-2685\"><a href=\"https:\/\/pokretmeri.org.rs\/home\/english\/\" class=\"elementor-item menu-link\">English<\/a><\/li>\n<li class=\"menu-item menu-item-type-post_type menu-item-object-page menu-item-421\"><a href=\"https:\/\/pokretmeri.org.rs\/home\/kontakt\/\" class=\"elementor-item menu-link\">Kontakt<\/a><\/li>\n<\/ul>\t\t\t<\/nav>\n\t\t\t\t\t<div class=\"elementor-menu-toggle\" role=\"button\" tabindex=\"0\" aria-label=\"Menu Toggle\" aria-expanded=\"false\">\n\t\t\t<i aria-hidden=\"true\" role=\"presentation\" class=\"elementor-menu-toggle__icon--open eicon-menu-bar\"><\/i><i aria-hidden=\"true\" role=\"presentation\" class=\"elementor-menu-toggle__icon--close eicon-close\"><\/i>\t\t\t<span class=\"elementor-screen-only\">Menu<\/span>\n\t\t<\/div>\n\t\t\t\t\t<nav class=\"elementor-nav-menu--dropdown elementor-nav-menu__container\" aria-hidden=\"true\">\n\t\t\t\t<ul id=\"menu-2-8acba9a\" class=\"elementor-nav-menu\"><li class=\"menu-item menu-item-type-post_type menu-item-object-page menu-item-home menu-item-26\"><a href=\"https:\/\/pokretmeri.org.rs\/home\/\" class=\"elementor-item menu-link\" tabindex=\"-1\">Pokret Meri<\/a><\/li>\n<li class=\"menu-item menu-item-type-post_type menu-item-object-page menu-item-245\"><a href=\"https:\/\/pokretmeri.org.rs\/home\/o-nama\/\" class=\"elementor-item menu-link\" tabindex=\"-1\">O nama<\/a><\/li>\n<li class=\"menu-item menu-item-type-post_type menu-item-object-page menu-item-670\"><a href=\"https:\/\/pokretmeri.org.rs\/home\/aktuelnosti\/\" class=\"elementor-item menu-link\" tabindex=\"-1\">Aktivnosti<\/a><\/li>\n<li class=\"menu-item menu-item-type-post_type menu-item-object-page menu-item-593\"><a href=\"https:\/\/pokretmeri.org.rs\/home\/blog\/\" class=\"elementor-item menu-link\" tabindex=\"-1\">Blog<\/a><\/li>\n<li class=\"menu-item menu-item-type-post_type menu-item-object-page menu-item-2759\"><a href=\"https:\/\/pokretmeri.org.rs\/home\/glasovipravde\/\" class=\"elementor-item menu-link\" tabindex=\"-1\">Glasovi pravde<\/a><\/li>\n<li class=\"menu-item menu-item-type-post_type menu-item-object-page menu-item-1427\"><a href=\"https:\/\/pokretmeri.org.rs\/home\/zakon-o-hitnoj-pomoci\/\" class=\"elementor-item menu-link\" tabindex=\"-1\">Za\u0161to tra\u017eimo zakon o Hitnoj pomo\u0107i<\/a><\/li>\n<li class=\"menu-item menu-item-type-post_type menu-item-object-page menu-item-423\"><a href=\"https:\/\/pokretmeri.org.rs\/home\/zakonska-regulativa\/\" class=\"elementor-item menu-link\" tabindex=\"-1\">Zakonska regulativa<\/a><\/li>\n<li class=\"menu-item menu-item-type-post_type menu-item-object-page menu-item-422\"><a href=\"https:\/\/pokretmeri.org.rs\/home\/postani-clan\/\" class=\"elementor-item menu-link\" tabindex=\"-1\">Postani \u010dlan<\/a><\/li>\n<li class=\"menu-item menu-item-type-post_type menu-item-object-page menu-item-2685\"><a href=\"https:\/\/pokretmeri.org.rs\/home\/english\/\" class=\"elementor-item menu-link\" tabindex=\"-1\">English<\/a><\/li>\n<li class=\"menu-item menu-item-type-post_type menu-item-object-page menu-item-421\"><a href=\"https:\/\/pokretmeri.org.rs\/home\/kontakt\/\" class=\"elementor-item menu-link\" tabindex=\"-1\">Kontakt<\/a><\/li>\n<\/ul>\t\t\t<\/nav>\n\t\t\t\t\t\t<\/div>\n\t\t\t\t<\/div>\n\t\t\t\t\t<\/div>\n\t\t<\/div>\n\t\t\t\t\t<\/div>\n\t\t<\/section>\n\t\t\t\t<section class=\"elementor-section elementor-top-section elementor-element elementor-element-5a1789a elementor-section-boxed elementor-section-height-default elementor-section-height-default\" data-id=\"5a1789a\" data-element_type=\"section\" data-settings=\"{&quot;background_background&quot;:&quot;classic&quot;}\">\n\t\t\t\t\t\t<div class=\"elementor-container elementor-column-gap-default\">\n\t\t\t\t\t<div class=\"elementor-column elementor-col-100 elementor-top-column elementor-element elementor-element-e8624b6 elementor-invisible\" data-id=\"e8624b6\" data-element_type=\"column\" data-settings=\"{&quot;animation&quot;:&quot;fadeIn&quot;}\">\n\t\t\t<div class=\"elementor-widget-wrap elementor-element-populated\">\n\t\t\t\t\t\t<section class=\"elementor-section elementor-inner-section elementor-element elementor-element-0f5be97 elementor-section-boxed elementor-section-height-default elementor-section-height-default elementor-invisible\" data-id=\"0f5be97\" data-element_type=\"section\" data-settings=\"{&quot;animation&quot;:&quot;fadeIn&quot;}\">\n\t\t\t\t\t\t<div class=\"elementor-container elementor-column-gap-default\">\n\t\t\t\t\t<div class=\"elementor-column elementor-col-100 elementor-inner-column elementor-element elementor-element-a99b2a9\" data-id=\"a99b2a9\" data-element_type=\"column\">\n\t\t\t<div class=\"elementor-widget-wrap elementor-element-populated\">\n\t\t\t\t\t\t<div class=\"elementor-element elementor-element-294e571 elementor-widget__width-initial elementor-widget-divider--view-line elementor-widget elementor-widget-divider\" data-id=\"294e571\" data-element_type=\"widget\" data-widget_type=\"divider.default\">\n\t\t\t\t<div class=\"elementor-widget-container\">\n\t\t\t\t\t\t\t<div class=\"elementor-divider\">\n\t\t\t<span class=\"elementor-divider-separator\">\n\t\t\t\t\t\t<\/span>\n\t\t<\/div>\n\t\t\t\t\t\t<\/div>\n\t\t\t\t<\/div>\n\t\t\t\t<div class=\"elementor-element elementor-element-9edcf16 elementor-widget elementor-widget-heading\" data-id=\"9edcf16\" data-element_type=\"widget\" data-widget_type=\"heading.default\">\n\t\t\t\t<div class=\"elementor-widget-container\">\n\t\t\t\t\t<h2 class=\"elementor-heading-title elementor-size-default\">Konferencija za \u0161tampu<\/h2>\t\t\t\t<\/div>\n\t\t\t\t<\/div>\n\t\t\t\t\t<\/div>\n\t\t<\/div>\n\t\t\t\t\t<\/div>\n\t\t<\/section>\n\t\t\t\t<div class=\"elementor-element elementor-element-35e44f2 elementor-widget elementor-widget-text-editor\" data-id=\"35e44f2\" data-element_type=\"widget\" data-widget_type=\"text-editor.default\">\n\t\t\t\t<div class=\"elementor-widget-container\">\n\t\t\t\t\t\t\t\t\t<p>Pokret &#8211; Meri sproveo je opse\u017eno istra\u017eivanje koje ukazuje na ozbiljne probleme u na\u010dinu funkcionisanja hitne pomo\u0107i. Rezultate i zaklju\u010dke predstavili smo na konferenciji za \u0161tampu koja je odr\u017eana 02. 11. 2021. godine u Medija Centru.<\/p><p>Vi\u0161e od devedeset odsto ispitanika me\u0111u zaposlenima u zavodima za hitnu medicinsku pomo\u0107 u Srbiji ka\u017ee da nemaju dovoljno terenskih ekipa, dve tre\u0107ine da nema dovoljno izvr\u0161ilaca na prijemu poziva i u dispe\u010derskom centru, a 82 odsto da je manjak vozila. Vi\u0161e od 60 odsto smatra da nije dovoljno opremljena ni ambulanta u Hitnoj pomo\u0107i, a gotovo isto toliko da su medicinski ure\u0111aji i aparati zastareli i da ih nema dovoljno. Ovo su samo neki od pokazatelja \u0161ta &#8220;\u0161kripi&#8221; u zavodima za hitnu pomo\u0107 u zemlji, a do \u010dega je kroz anketu me\u0111u zaposlenima do\u0161ao &#8220;Pokret pravo na \u017eivot &#8211; Meri&#8221;, u okviru projekta &#8220;Da ne bude kasno&#8221;, koji su podr\u017eali USAID i BO\u0160. Druga anketa sprovedena je me\u0111u gra\u0111anima, i ona je pokazala da je 76 odsto ispitanika u poslednje dve godine pozvalo broj 194, a da je 56 odsto ocenilo njihov rad jedinicom ili dvojkom. Najvi\u0161e zamerki izre\u010deno je na ra\u010dun opremljenosti, brzine reagovanja, manjka ljudstva&#8230;<\/p><p>&#8211; Srbiji je preko potreban zakon o Hitnoj pomo\u0107i &#8211; Beograd ima najmanje ekipa Hitne pomo\u0107i na 100.000 stanovnika &#8211; svega 1,37. Novi Sad ih ima 2,5, Ni\u0161 2,7 i Kragujevac 2,8. Tako\u0111e, Beograd ima najmanje intervencija godi\u0161nje na 1.000 stanovnika &#8211; 48, duplo manje nego Kragujevac. Prema statistici, u Beogradu se interveni\u0161e tek na svaki osmi poziv, dok se u kragujeva\u010dkom zavodu interveni\u0161e na svaki tre\u0107i. Zato i ne \u010dudi da je broj uspe\u0161nih reanimacija u Beogradu samo 26%, dok je u Kragujevcu 60%. Pravilnik o bli\u017eim uslovima za obavljanje zdravstvene delatnosti predvi\u0111a da Hitna pomo\u0107 mora da ima jednog lekara, jednu medicinsku sestru tehni\u010dara i jednog voza\u010da na 6.000 stanovnika. U Beogradu bi to bilo 266 lekara, tehni\u010dara i voza\u010da, a s obzirom na rad u pet smena, to je 53 ekipe po smeni, a ima ih samo 22. Najvi\u0161e problema, kako je konstatovano, javlja se kod trija\u017ee poziva i prilikom predaje pacijenta lekaru u bolnici, po\u0161to lekar Hitne samo usmeno saop\u0161tava kolegi anamnezu, pa su mogu\u0107e gre\u0161ke usled gu\u017eve i brzog postupanja.<\/p><p>Zakonom o Hitnoj pomo\u0107i trebalo bi definisati broj terenskih ekipa, broj sanitetskih vozila i lekara u ambulantama, kao i ujedna\u010denu opremljenost vozila i posedovanje GPS navigacije. &#8211; Trebalo bi definisati i protokol za trija\u017eu i primopredaju pacijenta, kaznene odredbe za zloupotrebu poziva 194, kao i status slu\u017ebenih lica za osoblje Hitne pomo\u0107i.<\/p><p><strong>Hitna pomo\u0107 ne sme biti slu\u017eba u kojoj gra\u0111ani umiru, kako su nam jednom prilikom saop\u0161tili iz zavoda. \u017delimo da hitna pomo\u0107 bude slu\u017eba u kojoj se gra\u0111anima spasavaju \u017eivoti!<\/strong><\/p>\t\t\t\t\t\t\t\t<\/div>\n\t\t\t\t<\/div>\n\t\t\t\t\t<\/div>\n\t\t<\/div>\n\t\t\t\t\t<\/div>\n\t\t<\/section>\n\t\t\t\t<section class=\"elementor-section elementor-top-section elementor-element elementor-element-28366bc elementor-section-boxed elementor-section-height-default elementor-section-height-default\" data-id=\"28366bc\" data-element_type=\"section\">\n\t\t\t\t\t\t<div class=\"elementor-container elementor-column-gap-default\">\n\t\t\t\t\t<div class=\"elementor-column elementor-col-100 elementor-top-column elementor-element elementor-element-2a4bfc7\" data-id=\"2a4bfc7\" data-element_type=\"column\">\n\t\t\t<div class=\"elementor-widget-wrap elementor-element-populated\">\n\t\t\t\t\t\t<div class=\"elementor-element elementor-element-27cb5b8 elementor-widget elementor-widget-video\" data-id=\"27cb5b8\" data-element_type=\"widget\" data-settings=\"{&quot;youtube_url&quot;:&quot;https:\\\/\\\/www.youtube.com\\\/watch?v=T2eA7an2AwM&quot;,&quot;video_type&quot;:&quot;youtube&quot;,&quot;controls&quot;:&quot;yes&quot;}\" data-widget_type=\"video.default\">\n\t\t\t\t<div class=\"elementor-widget-container\">\n\t\t\t\t\t\t\t<div class=\"elementor-wrapper elementor-open-inline\">\n\t\t\t<div class=\"elementor-video\"><\/div>\t\t<\/div>\n\t\t\t\t\t\t<\/div>\n\t\t\t\t<\/div>\n\t\t\t\t\t<\/div>\n\t\t<\/div>\n\t\t\t\t\t<\/div>\n\t\t<\/section>\n\t\t\t\t<section class=\"elementor-section elementor-top-section elementor-element elementor-element-1153199 elementor-section-boxed elementor-section-height-default elementor-section-height-default\" data-id=\"1153199\" data-element_type=\"section\">\n\t\t\t\t\t\t<div class=\"elementor-container elementor-column-gap-default\">\n\t\t\t\t\t<div class=\"elementor-column elementor-col-100 elementor-top-column elementor-element elementor-element-5f397f4\" data-id=\"5f397f4\" data-element_type=\"column\">\n\t\t\t<div class=\"elementor-widget-wrap\">\n\t\t\t\t\t\t\t<\/div>\n\t\t<\/div>\n\t\t\t\t\t<\/div>\n\t\t<\/section>\n\t\t\t\t<\/div>\n\t\t","protected":false},"excerpt":{"rendered":"<p>Konferencija za \u0161tampu Pokret &#8211; Meri sproveo je opse\u017eno istra\u017eivanje koje ukazuje na ozbiljne probleme u na\u010dinu funkcionisanja hitne pomo\u0107i. Rezultate i zaklju\u010dke predstavili smo na konferenciji za \u0161tampu koja je odr\u017eana 02. 11. 2021. godine u Medija Centru. Vi\u0161e od devedeset odsto ispitanika me\u0111u zaposlenima u zavodima za hitnu medicinsku pomo\u0107 u Srbiji ka\u017ee [&hellip;]<\/p>\n","protected":false},"author":1,"featured_media":0,"parent":206,"menu_order":0,"comment_status":"closed","ping_status":"closed","template":"","meta":{"_eb_attr":"","_monsterinsights_skip_tracking":false,"_monsterinsights_sitenote_active":false,"_monsterinsights_sitenote_note":"","_monsterinsights_sitenote_category":0,"site-sidebar-layout":"default","site-content-layout":"","ast-site-content-layout":"","site-content-style":"default","site-sidebar-style":"default","ast-global-header-display":"","ast-banner-title-visibility":"","ast-main-header-display":"","ast-hfb-above-header-display":"","ast-hfb-below-header-display":"","ast-hfb-mobile-header-display":"","site-post-title":"","ast-breadcrumbs-content":"","ast-featured-img":"","footer-sml-layout":"","theme-transparent-header-meta":"","adv-header-id-meta":"","stick-header-meta":"","header-above-stick-meta":"","header-main-stick-meta":"","header-below-stick-meta":"","astra-migrate-meta-layouts":"default","ast-page-background-enabled":"default","ast-page-background-meta":{"desktop":{"background-color":"var(--ast-global-color-4)","background-image":"","background-repeat":"repeat","background-position":"center center","background-size":"auto","background-attachment":"scroll","background-type":"","background-media":"","overlay-type":"","overlay-color":"","overlay-opacity":"","overlay-gradient":""},"tablet":{"background-color":"","background-image":"","background-repeat":"repeat","background-position":"center center","background-size":"auto","background-attachment":"scroll","background-type":"","background-media":"","overlay-type":"","overlay-color":"","overlay-opacity":"","overlay-gradient":""},"mobile":{"background-color":"","background-image":"","background-repeat":"repeat","background-position":"center center","background-size":"auto","background-attachment":"scroll","background-type":"","background-media":"","overlay-type":"","overlay-color":"","overlay-opacity":"","overlay-gradient":""}},"ast-content-background-meta":{"desktop":{"background-color":"var(--ast-global-color-5)","background-image":"","background-repeat":"repeat","background-position":"center center","background-size":"auto","background-attachment":"scroll","background-type":"","background-media":"","overlay-type":"","overlay-color":"","overlay-opacity":"","overlay-gradient":""},"tablet":{"background-color":"var(--ast-global-color-5)","background-image":"","background-repeat":"repeat","background-position":"center center","background-size":"auto","background-attachment":"scroll","background-type":"","background-media":"","overlay-type":"","overlay-color":"","overlay-opacity":"","overlay-gradient":""},"mobile":{"background-color":"var(--ast-global-color-5)","background-image":"","background-repeat":"repeat","background-position":"center center","background-size":"auto","background-attachment":"scroll","background-type":"","background-media":"","overlay-type":"","overlay-color":"","overlay-opacity":"","overlay-gradient":""}},"footnotes":""},"class_list":["post-236","page","type-page","status-publish","hentry"],"aioseo_notices":[],"_links":{"self":[{"href":"https:\/\/pokretmeri.org.rs\/home\/wp-json\/wp\/v2\/pages\/236","targetHints":{"allow":["GET"]}}],"collection":[{"href":"https:\/\/pokretmeri.org.rs\/home\/wp-json\/wp\/v2\/pages"}],"about":[{"href":"https:\/\/pokretmeri.org.rs\/home\/wp-json\/wp\/v2\/types\/page"}],"author":[{"embeddable":true,"href":"https:\/\/pokretmeri.org.rs\/home\/wp-json\/wp\/v2\/users\/1"}],"replies":[{"embeddable":true,"href":"https:\/\/pokretmeri.org.rs\/home\/wp-json\/wp\/v2\/comments?post=236"}],"version-history":[{"count":8,"href":"https:\/\/pokretmeri.org.rs\/home\/wp-json\/wp\/v2\/pages\/236\/revisions"}],"predecessor-version":[{"id":260,"href":"https:\/\/pokretmeri.org.rs\/home\/wp-json\/wp\/v2\/pages\/236\/revisions\/260"}],"up":[{"embeddable":true,"href":"https:\/\/pokretmeri.org.rs\/home\/wp-json\/wp\/v2\/pages\/206"}],"wp:attachment":[{"href":"https:\/\/pokretmeri.org.rs\/home\/wp-json\/wp\/v2\/media?parent=236"}],"curies":[{"name":"wp","href":"https:\/\/api.w.org\/{rel}","templated":true}]}}